{"id":509,"date":"2020-11-11T07:44:22","date_gmt":"2020-11-11T07:44:22","guid":{"rendered":"https:\/\/elektroristat.srv307.adino.at\/rist\/?page_id=509"},"modified":"2021-07-15T12:34:09","modified_gmt":"2021-07-15T12:34:09","slug":"referenzen","status":"publish","type":"page","link":"https:\/\/elektroristat.srv307.adino.at\/rist\/referenzen\/","title":{"rendered":"Referenzen"},"content":{"rendered":"\t\t<div data-elementor-type=\"wp-page\" data-elementor-id=\"509\" class=\"elementor elementor-509\">\n\t\t\t\t\t\t<div class=\"elementor-inner\">\n\t\t\t\t<div class=\"elementor-section-wrap\">\n\t\t\t\t\t\t\t\t\t<header class=\"elementor-section elementor-top-section elementor-element elementor-element-d8ccc87 elementor-section-height-min-height elementor-section-content-top animated-fast elementor-section-boxed elementor-section-height-default elementor-section-items-middle elementor-invisible\" data-id=\"d8ccc87\" data-element_type=\"section\" data-settings=\"{&quot;background_background&quot;:&quot;classic&quot;,&quot;animation&quot;:&quot;fadeIn&quot;}\">\n\t\t\t\t\t\t\t<div class=\"elementor-background-overlay\"><\/div>\n\t\t\t\t\t\t\t<div class=\"elementor-container elementor-column-gap-default\">\n\t\t\t\t\t\t\t<div class=\"elementor-row\">\n\t\t\t\t\t<div class=\"elementor-column elementor-col-100 elementor-top-column elementor-element elementor-element-ec73486\" data-id=\"ec73486\" data-element_type=\"column\">\n\t\t\t<div class=\"elementor-column-wrap elementor-element-populated\">\n\t\t\t\t\t\t\t<div class=\"elementor-widget-wrap\">\n\t\t\t\t\t\t<div class=\"elementor-element elementor-element-834ee76 elementor-widget elementor-widget-heading\" data-id=\"834ee76\" data-element_type=\"widget\" data-widget_type=\"heading.default\">\n\t\t\t\t<div class=\"elementor-widget-container\">\n\t\t\t<h1 class=\"elementor-heading-title elementor-size-default\">Referenzen<\/h1>\t\t<\/div>\n\t\t\t\t<\/div>\n\t\t\t\t<div class=\"elementor-element elementor-element-7e7c8c2 elementor-widget__width-initial elementor-widget-mobile__width-inherit elementor-widget-tablet__width-inherit elementor-widget elementor-widget-text-editor\" data-id=\"7e7c8c2\" data-element_type=\"widget\" data-widget_type=\"text-editor.default\">\n\t\t\t\t<div class=\"elementor-widget-container\">\n\t\t\t\t\t\t\t\t<div class=\"elementor-text-editor elementor-clearfix\">\n\t\t\t\t<p>Zahlreiche Bauherren in Vorarlberg vertrauen auf unsere Expertise und langj\u00e4hrige Erfahrung.<\/p>\t\t\t\t\t<\/div>\n\t\t\t\t\t\t<\/div>\n\t\t\t\t<\/div>\n\t\t\t\t<div class=\"elementor-element elementor-element-61105f3 elementor-align-left elementor-mobile-align-center elementor-widget elementor-widget-button\" data-id=\"61105f3\" data-element_type=\"widget\" data-widget_type=\"button.default\">\n\t\t\t\t<div class=\"elementor-widget-container\">\n\t\t\t\t\t<div class=\"elementor-button-wrapper\">\n\t\t\t<a href=\"#mehr\" class=\"elementor-button-link elementor-button elementor-size-sm\" role=\"button\">\n\t\t\t\t\t\t<span class=\"elementor-button-content-wrapper\">\n\t\t\t\t\t\t<span class=\"elementor-button-text\">Jetzt ansehen<\/span>\n\t\t<\/span>\n\t\t\t\t\t<\/a>\n\t\t<\/div>\n\t\t\t\t<\/div>\n\t\t\t\t<\/div>\n\t\t\t\t\t\t<\/div>\n\t\t\t\t\t<\/div>\n\t\t<\/div>\n\t\t\t\t\t\t\t\t<\/div>\n\t\t\t\t\t<\/div>\n\t\t<\/header>\n\t\t\t\t<section class=\"elementor-section elementor-top-section elementor-element elementor-element-691f0d0 elementor-section-boxed elementor-section-height-default elementor-section-height-default\" data-id=\"691f0d0\" data-element_type=\"section\" id=\"mehr\">\n\t\t\t\t\t\t<div class=\"elementor-container elementor-column-gap-default\">\n\t\t\t\t\t\t\t<div class=\"elementor-row\">\n\t\t\t\t\t<div class=\"elementor-column elementor-col-100 elementor-top-column elementor-element elementor-element-f4e3c9e\" data-id=\"f4e3c9e\" data-element_type=\"column\">\n\t\t\t<div class=\"elementor-column-wrap\">\n\t\t\t\t\t\t\t<div class=\"elementor-widget-wrap\">\n\t\t\t\t\t\t\t\t<\/div>\n\t\t\t\t\t<\/div>\n\t\t<\/div>\n\t\t\t\t\t\t\t\t<\/div>\n\t\t\t\t\t<\/div>\n\t\t<\/section>\n\t\t\t\t<section class=\"elementor-section elementor-top-section elementor-element elementor-element-41c6832 elementor-section-full_width elementor-section-height-default elementor-section-height-default\" data-id=\"41c6832\" data-element_type=\"section\">\n\t\t\t\t\t\t<div class=\"elementor-container elementor-column-gap-no\">\n\t\t\t\t\t\t\t<div class=\"elementor-row\">\n\t\t\t\t\t<div class=\"elementor-column elementor-col-100 elementor-top-column elementor-element elementor-element-2a87c81\" data-id=\"2a87c81\" data-element_type=\"column\">\n\t\t\t<div class=\"elementor-column-wrap\">\n\t\t\t\t\t\t\t<div class=\"elementor-widget-wrap\">\n\t\t\t\t\t\t\t\t<\/div>\n\t\t\t\t\t<\/div>\n\t\t<\/div>\n\t\t\t\t\t\t\t\t<\/div>\n\t\t\t\t\t<\/div>\n\t\t<\/section>\n\t\t\t\t\t\t\t\t\t<\/div>\n\t\t\t<\/div>\n\t\t\t\t\t<\/div>\n\t\t","protected":false},"excerpt":{"rendered":"<p>Referenzen Zahlreiche Bauherren in Vorarlberg vertrauen auf unsere Expertise und langj\u00e4hrige Erfahrung. Jetzt ansehen Alle Gewerbe \u00d6ffentliche Einrichtungen &amp; Kommunen Wohnbau Alle Alle Gewerbe \u00d6ffentliche Einrichtungen &amp; Kommunen Wohnbau Wohnanlage Dornbirn Elektroinstallation f\u00fcr Wohnanlage in Dornbirn. Details ansehen Transgourmet Elektroinstallation f\u00fcr Transgourmet in Schwarzach Details ansehen Schloss Hofen Elektroinstallation f\u00fcr Schloss Hofen in Lochau. Details [&hellip;]<\/p>\n","protected":false},"author":1,"featured_media":0,"parent":0,"menu_order":0,"comment_status":"closed","ping_status":"closed","template":"","meta":[],"acf":[],"_links":{"self":[{"href":"https:\/\/elektroristat.srv307.adino.at\/rist\/wp-json\/wp\/v2\/pages\/509"}],"collection":[{"href":"https:\/\/elektroristat.srv307.adino.at\/rist\/wp-json\/wp\/v2\/pages"}],"about":[{"href":"https:\/\/elektroristat.srv307.adino.at\/rist\/wp-json\/wp\/v2\/types\/page"}],"author":[{"embeddable":true,"href":"https:\/\/elektroristat.srv307.adino.at\/rist\/wp-json\/wp\/v2\/users\/1"}],"replies":[{"embeddable":true,"href":"https:\/\/elektroristat.srv307.adino.at\/rist\/wp-json\/wp\/v2\/comments?post=509"}],"version-history":[{"count":98,"href":"https:\/\/elektroristat.srv307.adino.at\/rist\/wp-json\/wp\/v2\/pages\/509\/revisions"}],"predecessor-version":[{"id":1365,"href":"https:\/\/elektroristat.srv307.adino.at\/rist\/wp-json\/wp\/v2\/pages\/509\/revisions\/1365"}],"wp:attachment":[{"href":"https:\/\/elektroristat.srv307.adino.at\/rist\/wp-json\/wp\/v2\/media?parent=509"}],"curies":[{"name":"wp","href":"https:\/\/api.w.org\/{rel}","templated":true}]}}